{"id":44,"date":"2022-05-24T14:48:09","date_gmt":"2022-05-24T14:48:09","guid":{"rendered":"https:\/\/krouniforms.com\/?page_id=44"},"modified":"2024-02-22T13:12:04","modified_gmt":"2024-02-22T13:12:04","slug":"termes-et-conditions","status":"publish","type":"page","link":"https:\/\/krouniforms.com\/fr\/termes-et-conditions\/","title":{"rendered":"Termes et conditions"},"content":{"rendered":"<div data-elementor-type=\"wp-page\" data-elementor-id=\"44\" class=\"elementor elementor-44\" data-elementor-post-type=\"page\">\n\t\t\t\t\t\t\t\t\t<section class=\"elementor-section elementor-top-section elementor-element elementor-element-ed7a95d elementor-section-stretched elementor-section-boxed elementor-section-height-default elementor-section-height-default\" data-id=\"ed7a95d\" data-element_type=\"section\" data-settings=\"{&quot;stretch_section&quot;:&quot;section-stretched&quot;}\">\n\t\t\t\t\t\t<div class=\"elementor-container elementor-column-gap-default\">\n\t\t\t\t\t<div class=\"elementor-column elementor-col-100 elementor-top-column elementor-element elementor-element-4029669\" data-id=\"4029669\" data-element_type=\"column\">\n\t\t\t<div class=\"elementor-widget-wrap elementor-element-populated\">\n\t\t\t\t\t\t\t\t<div class=\"elementor-element elementor-element-b6d26f5 elementor-widget elementor-widget-text-editor\" data-id=\"b6d26f5\" data-element_type=\"widget\" data-widget_type=\"text-editor.default\">\n\t\t\t\t<div class=\"elementor-widget-container\">\n\t\t\t<style>\/*! elementor - v3.17.0 - 08-11-2023 *\/\n.elementor-widget-text-editor.elementor-drop-cap-view-stacked .elementor-drop-cap{background-color:#69727d;color:#fff}.elementor-widget-text-editor.elementor-drop-cap-view-framed .elementor-drop-cap{color:#69727d;border:3px solid;background-color:transparent}.elementor-widget-text-editor:not(.elementor-drop-cap-view-default) .elementor-drop-cap{margin-top:8px}.elementor-widget-text-editor:not(.elementor-drop-cap-view-default) .elementor-drop-cap-letter{width:1em;height:1em}.elementor-widget-text-editor .elementor-drop-cap{float:left;text-align:center;line-height:1;font-size:50px}.elementor-widget-text-editor .elementor-drop-cap-letter{display:inline-block}<\/style>\t\t\t\t<h4><strong>PRIX<\/strong><\/h4><p>Les prix affich\u00e9s sont NETS ET CONFIDENTIELS.<br \/>Les prix indiqu\u00e9s n&#039;incluent pas la TVA ou les taxes \u00e9quivalentes.<br \/>La liste de prix est valable uniquement pour la p\u00e9ninsule et les \u00eeles Bal\u00e9ares, \u00e0 l&#039;exclusion des \u00eeles Canaries et du reste de l&#039;Europe.<\/p><p>\u00a0<\/p><h4><strong>PAIEMENTS<\/strong><\/h4><p>La premi\u00e8re transaction sera effectu\u00e9e en esp\u00e8ces par virement bancaire.<br \/>Le paiement sera effectu\u00e9 par pr\u00e9l\u00e8vement automatique dans les 30 jours suivant la date de livraison.<\/p><p>\u00a0<\/p><h4><strong>COMMANDE<\/strong><\/h4><p>Les commandes ne seront fermes qu&#039;apr\u00e8s acceptation par KRO Uniforms par l&#039;\u00e9mission d&#039;une confirmation de commande. Vous devez v\u00e9rifier la confirmation de commande et nous signaler imm\u00e9diatement par \u00e9crit toute erreur. \u00c0 d\u00e9faut, la description du produit incluse dans la confirmation de commande fera partie int\u00e9grante du contrat d&#039;achat et de vente de produits et sera opposable aux parties.<\/p><p>\u00a0<\/p><h4><strong>D\u00c9LAI DE LIVRAISON ET CONFIRMATION DE COMMANDE<\/strong><\/h4><p>Tous les articles de cette boutique en ligne ne sont pas disponibles en livraison imm\u00e9diate. Si c&#039;est le cas, en cas de rupture de stock, vous serez imm\u00e9diatement inform\u00e9 du nouveau d\u00e9lai de livraison.<\/p><p>Le fournisseur se r\u00e9serve le droit d&#039;accepter ou de refuser une commande et est tenu d&#039;informer le client du d\u00e9lai de livraison.<\/p><p>\u00a0<\/p><h4><strong>QUANTIT\u00c9 MINIMUM DE COMMANDE<\/strong><\/h4><p>Il n&#039;y a pas de quantit\u00e9 minimum de commande pour les tailles et couleurs list\u00e9es dans le catalogue.<\/p><p>\u00a0<\/p><h4><strong>TRANSPORT<\/strong><\/h4><p>Les frais de livraison vers la p\u00e9ninsule ib\u00e9rique et les \u00eeles Bal\u00e9ares sont pris en charge pour les commandes sup\u00e9rieures \u00e0 350 \u20ac (hors TVA). Dans ce cas, la marchandise sera toujours exp\u00e9di\u00e9e par l&#039;agence de transport s\u00e9lectionn\u00e9e par KRO Uniforms. Pour les commandes inf\u00e9rieures \u00e0 ce montant, les frais de livraison s&#039;\u00e9l\u00e8vent \u00e0 5,90 \u20ac (hors TVA).<\/p><p>Le client est tenu d&#039;informer son transporteur de l&#039;enl\u00e8vement des marchandises lors du choix de son agence.<br \/>La perte de colis par le transporteur sera de la seule responsabilit\u00e9 de KRO Uniforms, si ce dernier est s\u00e9lectionn\u00e9 par KRO Uniforms. Toute perte de colis par un autre transporteur choisi par le client sera de la seule responsabilit\u00e9 de ce dernier, et KRO Uniforms ne pourra en \u00eatre tenu responsable.<\/p><p>\u00a0<\/p><h4><strong>OBLIGATIONS DU CLIENT<\/strong><\/h4><p>Il sera de l&#039;obligation du client de v\u00e9rifier et d&#039;examiner la marchandise re\u00e7ue (qualit\u00e9, produit, couleur, taille et quantit\u00e9), quel que soit le lieu o\u00f9 elle est stock\u00e9e (domicile du client ou celui du transporteur s\u00e9lectionn\u00e9).<\/p><p>\u00a0<\/p><h4><strong>R\u00c9CLAMATIONS<\/strong><\/h4><p>Les r\u00e9clamations pour commandes incompl\u00e8tes ou incorrectes, ainsi que pour mat\u00e9riaux d\u00e9fectueux, doivent \u00eatre signal\u00e9es \u00e0 KRO Uniforms dans les 7 jours suivant la r\u00e9ception de la commande.<\/p><p>Pass\u00e9 ce d\u00e9lai, la commande sera consid\u00e9r\u00e9e comme accept\u00e9e \u00e0 toutes fins utiles.<\/p><p>\u00a0<\/p><h4><strong>RETOURS<\/strong><\/h4><p>Aucun retour de marchandise ne sera accept\u00e9 sans l&#039;autorisation pr\u00e9alable de KRO Uniforms. Pour ce faire, veuillez nous contacter directement. Une fois l&#039;autorisation obtenue, un num\u00e9ro d&#039;autorisation de retour vous sera attribu\u00e9, que vous devrez joindre \u00e0 votre retour. Il est ESSENTIEL que ce num\u00e9ro soit visible sur le colis, le bon de livraison ou les notes du bon de livraison du transporteur. Dans le cas contraire, le retour ne sera pas accept\u00e9 \u00e0 notre entrep\u00f4t.<\/p><p>De m\u00eame, aucune r\u00e9clamation ou retour ne sera accept\u00e9 pour les v\u00eatements qui ont \u00e9t\u00e9 pr\u00e9alablement alt\u00e9r\u00e9s.<\/p><p>\u00a0<\/p><h4><strong>LIMITATION DE RESPONSABILIT\u00c9<\/strong><\/h4><p>Dans les limites autoris\u00e9es par la loi applicable et sans pr\u00e9judice des dispositions des Conditions de vente et de garantie, KRO Uniforms ne saurait \u00eatre tenu responsable des dommages de toute nature (y compris, mais sans s&#039;y limiter, les dommages pour perte de b\u00e9n\u00e9fices, interruption d&#039;activit\u00e9, perte de client\u00e8le ou autre perte \u00e9conomique) r\u00e9sultant de l&#039;utilisation ou de l&#039;impossibilit\u00e9 d&#039;utiliser le Produit, m\u00eame si KRO Uniforms a \u00e9t\u00e9 inform\u00e9 de la possibilit\u00e9 de tels dommages. En tout \u00e9tat de cause, la responsabilit\u00e9 totale de KRO Uniforms d\u00e9coulant de toute disposition des pr\u00e9sentes Conditions de vente sera limit\u00e9e au montant effectivement pay\u00e9 pour le Produit. Ces limitations ne s&#039;appliquent pas aux responsabilit\u00e9s qui ne peuvent \u00eatre exclues ou limit\u00e9es en vertu de la loi applicable.<\/p><p>Vos donn\u00e9es seront trait\u00e9es conform\u00e9ment aux lois applicables en mati\u00e8re de protection des donn\u00e9es, auxquelles vous consentez express\u00e9ment. Vous pouvez nous demander de ne pas utiliser vos donn\u00e9es \u00e0 des fins marketing. Vous pouvez exercer vos droits d&#039;acc\u00e8s, de rectification et de suppression en \u00e9crivant \u00e0 KRO Uniforms.<\/p>\t\t\t\t\t\t<\/div>\n\t\t\t\t<\/div>\n\t\t\t\t\t<\/div>\n\t\t<\/div>\n\t\t\t\t\t\t\t<\/div>\n\t\t<\/section>\n\t\t\t\t\t\t\t<\/div>","protected":false},"excerpt":{"rendered":"<p>PRECIOS Los precios de tarifa son NETOS Y CONFIDENCIALES.Los precios de la tarifa no incluyen el I.V.A. o impuesto equivalente.La tarifa de precios es solamente v\u00e1lida para Pen\u00ednsula y Baleares, quedando excluida Canarias y resto de Europa. \u00a0 PAGOS La primera operaci\u00f3n se realizar\u00e1 al contado mediante transferencia bancaria.La forma de pago ser\u00e1 mediante domiciliaci\u00f3n [&hellip;]<\/p>","protected":false},"author":3,"featured_media":0,"parent":0,"menu_order":0,"comment_status":"closed","ping_status":"closed","template":"elementor_header_footer","meta":{"footnotes":""},"class_list":["post-44","page","type-page","status-publish","hentry"],"_links":{"self":[{"href":"https:\/\/krouniforms.com\/fr\/wp-json\/wp\/v2\/pages\/44","targetHints":{"allow":["GET"]}}],"collection":[{"href":"https:\/\/krouniforms.com\/fr\/wp-json\/wp\/v2\/pages"}],"about":[{"href":"https:\/\/krouniforms.com\/fr\/wp-json\/wp\/v2\/types\/page"}],"author":[{"embeddable":true,"href":"https:\/\/krouniforms.com\/fr\/wp-json\/wp\/v2\/users\/3"}],"replies":[{"embeddable":true,"href":"https:\/\/krouniforms.com\/fr\/wp-json\/wp\/v2\/comments?post=44"}],"version-history":[{"count":4,"href":"https:\/\/krouniforms.com\/fr\/wp-json\/wp\/v2\/pages\/44\/revisions"}],"predecessor-version":[{"id":364,"href":"https:\/\/krouniforms.com\/fr\/wp-json\/wp\/v2\/pages\/44\/revisions\/364"}],"wp:attachment":[{"href":"https:\/\/krouniforms.com\/fr\/wp-json\/wp\/v2\/media?parent=44"}],"curies":[{"name":"wp","href":"https:\/\/api.w.org\/{rel}","templated":true}]}}