{"id":42,"date":"2022-05-24T14:47:57","date_gmt":"2022-05-24T14:47:57","guid":{"rendered":"https:\/\/krouniforms.com\/?page_id=42"},"modified":"2024-02-22T13:10:27","modified_gmt":"2024-02-22T13:10:27","slug":"politiques-en-matiere-de-cookies","status":"publish","type":"page","link":"https:\/\/krouniforms.com\/fr\/politiques-en-matiere-de-cookies\/","title":{"rendered":"Politiques en mati\u00e8re de cookies"},"content":{"rendered":"<div data-elementor-type=\"wp-page\" data-elementor-id=\"42\" class=\"elementor elementor-42\" data-elementor-post-type=\"page\">\n\t\t\t\t\t\t\t\t\t<section class=\"elementor-section elementor-top-section elementor-element elementor-element-c71a75b elementor-section-boxed elementor-section-height-default elementor-section-height-default\" data-id=\"c71a75b\" data-element_type=\"section\">\n\t\t\t\t\t\t<div class=\"elementor-container elementor-column-gap-default\">\n\t\t\t\t\t<div class=\"elementor-column elementor-col-100 elementor-top-column elementor-element elementor-element-54e6fe6\" data-id=\"54e6fe6\" data-element_type=\"column\">\n\t\t\t<div class=\"elementor-widget-wrap elementor-element-populated\">\n\t\t\t\t\t\t\t\t<div class=\"elementor-element elementor-element-dc79ca2 elementor-widget elementor-widget-text-editor\" data-id=\"dc79ca2\" data-element_type=\"widget\" data-widget_type=\"text-editor.default\">\n\t\t\t\t<div class=\"elementor-widget-container\">\n\t\t\t<style>\/*! elementor - v3.17.0 - 08-11-2023 *\/\n.elementor-widget-text-editor.elementor-drop-cap-view-stacked .elementor-drop-cap{background-color:#69727d;color:#fff}.elementor-widget-text-editor.elementor-drop-cap-view-framed .elementor-drop-cap{color:#69727d;border:3px solid;background-color:transparent}.elementor-widget-text-editor:not(.elementor-drop-cap-view-default) .elementor-drop-cap{margin-top:8px}.elementor-widget-text-editor:not(.elementor-drop-cap-view-default) .elementor-drop-cap-letter{width:1em;height:1em}.elementor-widget-text-editor .elementor-drop-cap{float:left;text-align:center;line-height:1;font-size:50px}.elementor-widget-text-editor .elementor-drop-cap-letter{display:inline-block}<\/style>\t\t\t\t<p>Un cookie est un petit fichier texte enregistr\u00e9 dans votre navigateur lorsque vous consultez presque tous les sites web. Il permet au site de se souvenir de votre visite lorsque vous y revenez. Les cookies stockent g\u00e9n\u00e9ralement des informations techniques, des pr\u00e9f\u00e9rences personnelles, la personnalisation du contenu, des statistiques d&#039;utilisation, des liens vers les r\u00e9seaux sociaux, l&#039;acc\u00e8s \u00e0 votre compte utilisateur, etc. Un cookie a pour but d&#039;adapter le contenu du site web \u00e0 votre profil et \u00e0 vos besoins\u00a0; sans cookies, les services offerts par un site web seraient consid\u00e9rablement r\u00e9duits. Pour plus d&#039;informations sur les cookies, leur contenu, leur suppression ou leur d\u00e9sactivation, etc., veuillez consulter ce lien.<\/p><p>\u00a0<\/p><h4><strong>Cookies utilis\u00e9s sur ce site Web<\/strong><\/h4><p>Conform\u00e9ment aux directives de l&#039;Agence espagnole de protection des donn\u00e9es, nous d\u00e9taillons l&#039;utilisation des cookies sur ce site Web afin de vous fournir les informations les plus pr\u00e9cises possibles.<\/p><p>\u00a0<\/p><h4><strong>Ce site Web utilise les cookies suivants :<\/strong><\/h4><ul><li><strong>Cookies de session<\/strong>, afin de garantir que les utilisateurs qui \u00e9crivent des commentaires sur le blog sont des humains et non des applications automatis\u00e9es. Cela contribue \u00e0 lutter contre le spam.<\/li><\/ul><p>\u00a0<\/p><h4><strong>Ce site Web utilise les cookies tiers suivants :<\/strong><\/h4><ul><li><strong>Google Analytics :<\/strong>\u00a0Ce site web stocke des cookies pour \u00e9tablir des statistiques sur le trafic et le volume de visites. En utilisant ce site web, vous consentez au traitement de vos donn\u00e9es nominatives par Google. Par cons\u00e9quent, pour exercer vos droits \u00e0 cet \u00e9gard, vous devez contacter directement Google.<\/li><li><strong>R\u00e9seaux sociaux :<\/strong>\u00a0Chaque r\u00e9seau social utilise ses propres cookies afin que vous puissiez cliquer sur les boutons J&#039;aime ou Partager.<br \/>D\u00e9sactiver ou supprimer les cookies<\/li><\/ul><p>Vous pouvez exercer votre droit de d\u00e9sactiver ou de supprimer les cookies de ce site web \u00e0 tout moment. Ces actions varient selon le navigateur que vous utilisez. Voici un guide rapide pour les navigateurs les plus populaires.<\/p><p>\u00a0<\/p><h4><strong>Notes compl\u00e9mentaires<\/strong><\/h4><ul><li>Ni ce site Web ni ses repr\u00e9sentants l\u00e9gaux ne sont responsables du contenu ou de la v\u00e9racit\u00e9 des politiques de confidentialit\u00e9 des tiers mentionn\u00e9s dans cette politique de cookies.<\/li><li>Les navigateurs web sont les outils responsables du stockage des cookies. Vous pouvez exercer votre droit de les supprimer ou de les d\u00e9sactiver \u00e0 partir de cet emplacement. Ni ce site web ni ses repr\u00e9sentants l\u00e9gaux ne peuvent garantir la gestion correcte ou incorrecte des cookies par les navigateurs susmentionn\u00e9s.<\/li><li>Dans certains cas, il est n\u00e9cessaire d&#039;installer des cookies afin que le navigateur n&#039;oublie pas votre d\u00e9cision de ne pas les accepter.<\/li><li>Concernant les cookies de Google Analytics, cette soci\u00e9t\u00e9 stocke les cookies sur des serveurs situ\u00e9s aux \u00c9tats-Unis et s&#039;engage \u00e0 ne pas les partager avec des tiers, sauf si cela est n\u00e9cessaire au fonctionnement du syst\u00e8me ou si la loi l&#039;exige. Selon Google, votre adresse IP n&#039;est pas enregistr\u00e9e. Google Inc. est une soci\u00e9t\u00e9 adh\u00e9rant \u00e0 l&#039;accord Safe Harbor, qui garantit que toutes les donn\u00e9es transf\u00e9r\u00e9es seront trait\u00e9es avec un niveau de protection conforme \u00e0 la r\u00e9glementation europ\u00e9enne.<\/li><\/ul><p>\u00a0<\/p><p>Vous trouverez des informations d\u00e9taill\u00e9es \u00e0 ce sujet en cliquant sur ce lien. Pour en savoir plus sur l&#039;utilisation des cookies par Google, veuillez consulter ce lien.<\/p><ul><li>Si vous avez des questions ou des pr\u00e9occupations concernant cette politique de cookies, n&#039;h\u00e9sitez pas \u00e0 nous contacter via la section contact.<\/li><\/ul>\t\t\t\t\t\t<\/div>\n\t\t\t\t<\/div>\n\t\t\t\t\t<\/div>\n\t\t<\/div>\n\t\t\t\t\t\t\t<\/div>\n\t\t<\/section>\n\t\t\t\t\t\t\t<\/div>","protected":false},"excerpt":{"rendered":"<p>Una cookie es un peque\u00f1o fichero de texto que se almacena en su navegador cuando visita casi cualquier p\u00e1gina web. Su utilidad es que la web sea capaz de recordar su visita cuando vuelva a navegar por esa p\u00e1gina. Las cookies suelen almacenar informaci\u00f3n de car\u00e1cter t\u00e9cnico, preferencias personales, personalizaci\u00f3n de contenidos, estad\u00edsticas de uso, [&hellip;]<\/p>","protected":false},"author":3,"featured_media":0,"parent":0,"menu_order":0,"comment_status":"closed","ping_status":"closed","template":"elementor_header_footer","meta":{"footnotes":""},"class_list":["post-42","page","type-page","status-publish","hentry"],"_links":{"self":[{"href":"https:\/\/krouniforms.com\/fr\/wp-json\/wp\/v2\/pages\/42","targetHints":{"allow":["GET"]}}],"collection":[{"href":"https:\/\/krouniforms.com\/fr\/wp-json\/wp\/v2\/pages"}],"about":[{"href":"https:\/\/krouniforms.com\/fr\/wp-json\/wp\/v2\/types\/page"}],"author":[{"embeddable":true,"href":"https:\/\/krouniforms.com\/fr\/wp-json\/wp\/v2\/users\/3"}],"replies":[{"embeddable":true,"href":"https:\/\/krouniforms.com\/fr\/wp-json\/wp\/v2\/comments?post=42"}],"version-history":[{"count":4,"href":"https:\/\/krouniforms.com\/fr\/wp-json\/wp\/v2\/pages\/42\/revisions"}],"predecessor-version":[{"id":360,"href":"https:\/\/krouniforms.com\/fr\/wp-json\/wp\/v2\/pages\/42\/revisions\/360"}],"wp:attachment":[{"href":"https:\/\/krouniforms.com\/fr\/wp-json\/wp\/v2\/media?parent=42"}],"curies":[{"name":"wp","href":"https:\/\/api.w.org\/{rel}","templated":true}]}}