{"id":40,"date":"2022-05-24T14:47:48","date_gmt":"2022-05-24T14:47:48","guid":{"rendered":"https:\/\/krouniforms.com\/?page_id=40"},"modified":"2025-07-03T10:21:35","modified_gmt":"2025-07-03T10:21:35","slug":"mentions-legales","status":"publish","type":"page","link":"https:\/\/krouniforms.com\/fr\/mentions-legales\/","title":{"rendered":"Mentions l\u00e9gales"},"content":{"rendered":"<div data-elementor-type=\"wp-page\" data-elementor-id=\"40\" class=\"elementor elementor-40\" data-elementor-post-type=\"page\">\n\t\t\t\t\t\t\t\t\t<section class=\"elementor-section elementor-top-section elementor-element elementor-element-492c646 elementor-section-stretched elementor-section-boxed elementor-section-height-default elementor-section-height-default\" data-id=\"492c646\" data-element_type=\"section\" data-settings=\"{&quot;stretch_section&quot;:&quot;section-stretched&quot;}\">\n\t\t\t\t\t\t<div class=\"elementor-container elementor-column-gap-default\">\n\t\t\t\t\t<div class=\"elementor-column elementor-col-100 elementor-top-column elementor-element elementor-element-10d34f8\" data-id=\"10d34f8\" data-element_type=\"column\">\n\t\t\t<div class=\"elementor-widget-wrap elementor-element-populated\">\n\t\t\t\t\t\t\t\t<div class=\"elementor-element elementor-element-2bd302c elementor-widget elementor-widget-text-editor\" data-id=\"2bd302c\" data-element_type=\"widget\" data-widget_type=\"text-editor.default\">\n\t\t\t\t<div class=\"elementor-widget-container\">\n\t\t\t<style>\/*! elementor - v3.17.0 - 08-11-2023 *\/\n.elementor-widget-text-editor.elementor-drop-cap-view-stacked .elementor-drop-cap{background-color:#69727d;color:#fff}.elementor-widget-text-editor.elementor-drop-cap-view-framed .elementor-drop-cap{color:#69727d;border:3px solid;background-color:transparent}.elementor-widget-text-editor:not(.elementor-drop-cap-view-default) .elementor-drop-cap{margin-top:8px}.elementor-widget-text-editor:not(.elementor-drop-cap-view-default) .elementor-drop-cap-letter{width:1em;height:1em}.elementor-widget-text-editor .elementor-drop-cap{float:left;text-align:center;line-height:1;font-size:50px}.elementor-widget-text-editor .elementor-drop-cap-letter{display:inline-block}<\/style>\t\t\t\t<p>Retail&amp;Key Business, SL, avec CIF B-66483025 et inscrite au Registre du Commerce de Barcelone Volume 44699 Folio : 101 Feuille : 463878 et e-mail de contact\u00a0<strong><a href=\"mailto:info@krouniforms.com\">info@krouniforms.com<\/a><\/strong>\u00a0(ci-apr\u00e8s, \u00ab KROUNIFORMS \u00bb) est le propri\u00e9taire du site Web avec l&#039;URL\u00a0<a href=\"https:\/\/krouniforms.com\/fr\"><strong>www.krouniforms.com<\/strong><\/a>\u00a0(ci-apr\u00e8s, le \u00ab Site Web \u00bb).<\/p><h4><strong>UTILISATEUR DU PORTAIL.<\/strong><\/h4><p>L&#039;acc\u00e8s au Site Web conf\u00e8re le statut d&#039;utilisateur (ci-apr\u00e8s, l&#039;\u00ab UTILISATEUR \u00bb), qui accepte, \u00e0 partir dudit acc\u00e8s et\/ou utilisation, les conditions g\u00e9n\u00e9rales d&#039;utilisation contenues dans ce document.<\/p><p>Le site web de KRO Uniforms contient des informations sur l&#039;entreprise et divers aspects li\u00e9s \u00e0 son activit\u00e9 (ci-apr\u00e8s, le \u00ab\u00a0Contenu\u00a0\u00bb), auxquelles l&#039;UTILISATEUR peut acc\u00e9der. L&#039;UTILISATEUR assume la responsabilit\u00e9 de son utilisation du site web. L&#039;UTILISATEUR s&#039;engage \u00e0 faire un usage appropri\u00e9 du contenu et des services propos\u00e9s par KRO Uniforms sur son site web et, \u00e0 titre d&#039;exemple, mais sans s&#039;y limiter, \u00e0 ne pas les utiliser pour (i) se livrer \u00e0 des activit\u00e9s illicites, ill\u00e9gales ou contraires \u00e0 la bonne foi et \u00e0 l&#039;ordre public\u00a0; (ii) endommager les syst\u00e8mes physiques et logiques de KRO Uniforms, de ses fournisseurs ou de tiers, ou introduire ou propager des virus informatiques ou tout autre syst\u00e8me physique ou logique susceptible de causer les dommages susmentionn\u00e9s.<\/p><h4><strong>PROTECTION DES DONN\u00c9ES.<\/strong><\/h4><p>KRO Uniforms respecte les directives \u00e9tablies par la r\u00e9glementation applicable en mati\u00e8re de protection des donn\u00e9es personnelles, notamment la loi organique 15\/1999 du 13 d\u00e9cembre relative \u00e0 la protection des donn\u00e9es personnelles, le d\u00e9cret royal 1720\/2007 du 21 d\u00e9cembre et le r\u00e8glement (UE) 2016\/679 du Parlement europ\u00e9en et du Conseil du 27 avril 2016 relatif \u00e0 la protection des personnes physiques, garantissant ainsi l&#039;utilisation et le traitement corrects des donn\u00e9es personnelles de l&#039;utilisateur. Lorsque l&#039;utilisateur doit s&#039;inscrire ou fournir des donn\u00e9es personnelles pour acc\u00e9der \u00e0 l&#039;un des services sp\u00e9cifiques, la collecte, le traitement et, le cas \u00e9ch\u00e9ant, le transfert ou l&#039;acc\u00e8s \u00e0 ses donn\u00e9es personnelles seront soumis aux dispositions de la politique de confidentialit\u00e9 incluse sur le site web, sans pr\u00e9judice des dispositions, le cas \u00e9ch\u00e9ant, des documents sp\u00e9cifiquement applicables \u00e0 ces formulaires.<\/p><h4><strong>PROPRI\u00c9T\u00c9 INTELLECTUELLE ET INDUSTRIELLE.<\/strong><\/h4><p>KRO Uniforms, elle-m\u00eame ou en tant que cessionnaire, est titulaire de tous les droits de propri\u00e9t\u00e9 intellectuelle et industrielle sur ses sites web, ainsi que sur les \u00e9l\u00e9ments qui y sont contenus. Tous droits r\u00e9serv\u00e9s. La reproduction, la distribution et la communication publique, y compris la mise \u00e0 disposition, de tout ou partie du contenu de ce site web, sur quelque support que ce soit, \u00e0 quelque fin que ce soit et par quelque moyen technique que ce soit, sans l&#039;autorisation de KRO Uniforms, sont express\u00e9ment interdites. L&#039;UTILISATEUR s&#039;engage \u00e0 respecter les droits de propri\u00e9t\u00e9 intellectuelle et industrielle d\u00e9tenus par KRO Uniforms. Il doit s&#039;abstenir de supprimer, alt\u00e9rer, contourner ou manipuler tout dispositif de protection ou syst\u00e8me de s\u00e9curit\u00e9 install\u00e9 sur le site web de KRO Uniforms.<\/p><h4><strong>EXCLUSION DE GARANTIES ET DE RESPONSABILIT\u00c9.<\/strong><\/h4><p>KRO Uniforms n&#039;est en aucun cas responsable des dommages de toute nature pouvant survenir \u00e0 la suite de l&#039;acc\u00e8s au site Web, y compris, mais sans s&#039;y limiter : les erreurs ou omissions dans le contenu, le manque de disponibilit\u00e9 du portail, ou la transmission de virus ou de programmes malveillants ou nuisibles dans le contenu, malgr\u00e9 l&#039;adoption de toutes les mesures technologiques n\u00e9cessaires pour les \u00e9viter.<\/p><p>Si le site web contient des liens ou des hyperliens vers d&#039;autres sites web, KRO Uniforms n&#039;exerce aucun contr\u00f4le sur ces sites et leur contenu. KRO Uniforms n&#039;assume en aucun cas la responsabilit\u00e9 du contenu de tout lien appartenant \u00e0 un site web tiers, ni ne garantit la disponibilit\u00e9 technique, la qualit\u00e9, la fiabilit\u00e9, l&#039;exactitude, l&#039;exhaustivit\u00e9, la v\u00e9racit\u00e9, la validit\u00e9 ou la constitutionnalit\u00e9 de tout mat\u00e9riel ou information contenu dans ces hyperliens ou autres sites web. De m\u00eame, l&#039;inclusion de ces liens externes n&#039;implique aucune association, fusion ou participation avec les entit\u00e9s connect\u00e9es.<\/p><p>KRO Uniforms se r\u00e9serve le droit d&#039;apporter \u00e0 son site web toute modification qu&#039;elle juge appropri\u00e9e sans pr\u00e9avis. Elle peut modifier, supprimer ou ajouter du contenu et des services fournis sur le site web, ainsi que leur pr\u00e9sentation ou leur emplacement.<\/p><p>KRO Uniforms utilise ses propres cookies et ceux de partenaires tiers sur son site web pour am\u00e9liorer votre exp\u00e9rience utilisateur et vous offrir les meilleurs services. En naviguant sur notre site web, vous acceptez l&#039;utilisation de cookies dans les conditions d\u00e9finies dans la Politique relative aux cookies. Les cookies sont de petits fichiers de donn\u00e9es que le serveur Internet envoie \u00e0 l&#039;appareil que vous utilisez pour vous connecter au site web et qui y sont stock\u00e9s. Ils sont uniquement associ\u00e9s \u00e0 votre navigateur et ne fournissent aucune donn\u00e9e personnelle. Les cookies ne peuvent pas endommager votre appareil et sont \u00e9galement tr\u00e8s utiles, car ils nous aident \u00e0 identifier et \u00e0 r\u00e9soudre les erreurs.<\/p><h4><strong>DROIT D&#039;EXCLUSION.<\/strong><\/h4><p>KRO Uniforms se r\u00e9serve le droit de refuser ou de retirer l&#039;acc\u00e8s \u00e0 son Site Web et\/ou aux services propos\u00e9s sans pr\u00e9avis, \u00e0 sa propre demande ou \u00e0 celle d&#039;un tiers, aux utilisateurs qui ne respectent pas les pr\u00e9sentes Conditions G\u00e9n\u00e9rales d&#039;Utilisation.<\/p><h4><strong>MODIFICATION DE CES CONDITIONS ET DUR\u00c9E.<\/strong><\/h4><p>KRO Uniforms se r\u00e9serve le droit de modifier les pr\u00e9sentes conditions g\u00e9n\u00e9rales \u00e0 tout moment. Une fois modifi\u00e9es, elles seront publi\u00e9es sur le site web. Leur validit\u00e9 d\u00e9pendra de leur publication et restera en vigueur jusqu&#039;\u00e0 leur modification par d&#039;autres conditions d\u00fbment publi\u00e9es.<\/p><h4><strong>L\u00c9GISLATION ET JURIDICTION APPLICABLES.<\/strong><\/h4><p>La relation entre KRO Uniforms et l&#039;UTILISATEUR sera r\u00e9gie par la l\u00e9gislation espagnole en vigueur et tout litige sera soumis aux Tribunaux de la ville de Barcelone.<\/p>\t\t\t\t\t\t<\/div>\n\t\t\t\t<\/div>\n\t\t\t\t\t<\/div>\n\t\t<\/div>\n\t\t\t\t\t\t\t<\/div>\n\t\t<\/section>\n\t\t\t\t\t\t\t<\/div>","protected":false},"excerpt":{"rendered":"<p>Retail&amp;Key Business, S.L. , dotada de C.I.F. B-66483025 e inscrita en el Registro Mercantil de Barcelona Tomo 44699 Folio: 101 Hoja:463878 y correo electr\u00f3nico de contacto\u00a0info@krouniforms.com\u00a0(en adelante, \u201cKROUNIFORMS\u201d) es titular de la p\u00e1gina web con url\u00a0www.krouniforms.com\u00a0(en adelante, el \u201cSitio Web\u201d). USUARIO DEL PORTAL. El acceso al Sitio Web atribuye la condici\u00f3n de usuario (en adelante, [&hellip;]<\/p>","protected":false},"author":3,"featured_media":0,"parent":0,"menu_order":0,"comment_status":"closed","ping_status":"closed","template":"elementor_header_footer","meta":{"footnotes":""},"class_list":["post-40","page","type-page","status-publish","hentry"],"_links":{"self":[{"href":"https:\/\/krouniforms.com\/fr\/wp-json\/wp\/v2\/pages\/40","targetHints":{"allow":["GET"]}}],"collection":[{"href":"https:\/\/krouniforms.com\/fr\/wp-json\/wp\/v2\/pages"}],"about":[{"href":"https:\/\/krouniforms.com\/fr\/wp-json\/wp\/v2\/types\/page"}],"author":[{"embeddable":true,"href":"https:\/\/krouniforms.com\/fr\/wp-json\/wp\/v2\/users\/3"}],"replies":[{"embeddable":true,"href":"https:\/\/krouniforms.com\/fr\/wp-json\/wp\/v2\/comments?post=40"}],"version-history":[{"count":7,"href":"https:\/\/krouniforms.com\/fr\/wp-json\/wp\/v2\/pages\/40\/revisions"}],"predecessor-version":[{"id":2028,"href":"https:\/\/krouniforms.com\/fr\/wp-json\/wp\/v2\/pages\/40\/revisions\/2028"}],"wp:attachment":[{"href":"https:\/\/krouniforms.com\/fr\/wp-json\/wp\/v2\/media?parent=40"}],"curies":[{"name":"wp","href":"https:\/\/api.w.org\/{rel}","templated":true}]}}