{"id":3,"date":"2022-05-24T12:23:25","date_gmt":"2022-05-24T12:23:25","guid":{"rendered":"https:\/\/krouniforms.com\/?page_id=3"},"modified":"2025-07-03T10:23:20","modified_gmt":"2025-07-03T10:23:20","slug":"politique-de-confidentialite","status":"publish","type":"page","link":"https:\/\/krouniforms.com\/fr\/politique-de-confidentialite\/","title":{"rendered":"Politique de confidentialit\u00e9"},"content":{"rendered":"<div data-elementor-type=\"wp-page\" data-elementor-id=\"3\" class=\"elementor elementor-3\" data-elementor-post-type=\"page\">\n\t\t\t\t\t\t\t\t\t<section class=\"elementor-section elementor-top-section elementor-element elementor-element-3b6bd777 elementor-section-stretched elementor-section-boxed elementor-section-height-default elementor-section-height-default\" data-id=\"3b6bd777\" data-element_type=\"section\" data-settings=\"{&quot;stretch_section&quot;:&quot;section-stretched&quot;}\">\n\t\t\t\t\t\t<div class=\"elementor-container elementor-column-gap-default\">\n\t\t\t\t\t<div class=\"elementor-column elementor-col-100 elementor-top-column elementor-element elementor-element-699e0a6\" data-id=\"699e0a6\" data-element_type=\"column\">\n\t\t\t<div class=\"elementor-widget-wrap elementor-element-populated\">\n\t\t\t\t\t\t\t\t<div class=\"elementor-element elementor-element-3898077c elementor-widget elementor-widget-text-editor\" data-id=\"3898077c\" data-element_type=\"widget\" data-widget_type=\"text-editor.default\">\n\t\t\t\t<div class=\"elementor-widget-container\">\n\t\t\t<style>\/*! elementor - v3.17.0 - 08-11-2023 *\/\n.elementor-widget-text-editor.elementor-drop-cap-view-stacked .elementor-drop-cap{background-color:#69727d;color:#fff}.elementor-widget-text-editor.elementor-drop-cap-view-framed .elementor-drop-cap{color:#69727d;border:3px solid;background-color:transparent}.elementor-widget-text-editor:not(.elementor-drop-cap-view-default) .elementor-drop-cap{margin-top:8px}.elementor-widget-text-editor:not(.elementor-drop-cap-view-default) .elementor-drop-cap-letter{width:1em;height:1em}.elementor-widget-text-editor .elementor-drop-cap{float:left;text-align:center;line-height:1;font-size:50px}.elementor-widget-text-editor .elementor-drop-cap-letter{display:inline-block}<\/style>\t\t\t\t<p>L&#039;objectif de cette politique est d&#039;informer les personnes concern\u00e9es sur les diff\u00e9rentes op\u00e9rations de traitement effectu\u00e9es par cette organisation via son site Web, qui affectent leurs donn\u00e9es personnelles, conform\u00e9ment aux dispositions de la loi organique 3\/2018, du 5 d\u00e9cembre, sur la protection des donn\u00e9es personnelles et la garantie des droits num\u00e9riques, et du r\u00e8glement (UE) 2016\/679 du Parlement europ\u00e9en et du Conseil du 27 avril 2016.<\/p><h4><strong>1. INFORMATIONS \u00c0 L&#039;UTILISATEUR.<\/strong><\/h4><p>RETAIL&amp;KEY BUSINESS, SL., domicili\u00e9e \u00e0 CALLE BRUC 38-5-C -08010 (BARCELONE) avec NIF B66483025, num\u00e9ro de t\u00e9l\u00e9phone de contact : 931 175 638 et adresse e-mail<br \/><a href=\"mailto:pedidos@krouniforms.com\"><strong>pedidos@krouniforms.com<\/strong><\/a><\/p><h4><strong>2. FINALIT\u00c9S DU TRAITEMENT DE VOS DONN\u00c9ES PERSONNELLES.<\/strong><\/h4><p>UTILISATEURS\/NAVIGATEURS DU SITE WEB DU RESPONSABLE DU TRAITEMENT.<br \/>Nous traiterons vos donn\u00e9es personnelles fournies via nos formulaires Web pour :<\/p><ul><li>R\u00e9pondre aux demandes, plaintes et incidents soumis via nos canaux de contact sur le site Web.<\/li><li>Comprendre le comportement du navigateur Web afin de d\u00e9tecter d&#039;\u00e9ventuelles cyberattaques sur notre site Web.<\/li><li>Se conformer aux obligations l\u00e9gales qui nous sont directement applicables et qui r\u00e9gissent notre activit\u00e9.<\/li><li>Pour prot\u00e9ger et exercer nos droits ou r\u00e9pondre \u00e0 des r\u00e9clamations de toute nature.<\/li><li>Le cas \u00e9ch\u00e9ant, nous pourrons envoyer des communications commerciales concernant les biens ou services qui composent notre activit\u00e9, et\/ou des actualit\u00e9s ou des newsletters li\u00e9es \u00e0 notre secteur.<\/li><li>G\u00e9rer et vous envoyer le devis demand\u00e9.<\/li><li>G\u00e9rez, administrez et surveillez votre activit\u00e9 sur le blog\/forum int\u00e9gr\u00e9.<\/li><\/ul><p><strong>CLIENTS.<\/strong>\u00a0Nous traiterons vos donn\u00e9es personnelles fournies via nos formulaires Web pour :<\/p><ul><li>Gestion des relations d&#039;affaires.<\/li><li>La fourniture des services que vous avez contract\u00e9s aupr\u00e8s de nous.<\/li><li>Proc\u00e9dures li\u00e9es \u00e0 l&#039;exp\u00e9dition et \u00e0 la r\u00e9ception du produit achet\u00e9 via ce site Web.<\/li><li>Gestion administrative, comptable et fiscale.<\/li><li>R\u00e9pondre aux demandes, plaintes et incidents soumis via nos canaux de contact sur le site Web.<\/li><li>Comprendre le comportement du navigateur Web afin de d\u00e9tecter d&#039;\u00e9ventuelles cyberattaques sur notre site Web.<\/li><li>Le cas \u00e9ch\u00e9ant, nous pourrons envoyer des communications commerciales li\u00e9es aux biens ou services qui composent notre activit\u00e9, et\/ou des actualit\u00e9s ou newsletters li\u00e9es \u00e0 notre secteur.<\/li><li>Pour respecter les obligations l\u00e9gales qui nous sont directement applicables et qui r\u00e9gissent nos activit\u00e9s. Pour prot\u00e9ger et exercer nos droits ou r\u00e9pondre \u00e0 toute r\u00e9clamation.<\/li><\/ul><h4><strong>3. BASE JURIDIQUE DU TRAITEMENT.<\/strong><\/h4><p>UTILISATEURS\/NAVIGATEURS SUR LE SITE WEB DU RESPONSABLE DU TRAITEMENT.<\/p><ul><li>Dans le cadre de votre consentement, vous nous avez accord\u00e9 le droit de traiter vos donn\u00e9es aux fins indiqu\u00e9es. Si vous ne nous fournissez pas vos donn\u00e9es personnelles, il sera impossible de les traiter aux fins mentionn\u00e9es.<\/li><li>Pour respecter nos obligations l\u00e9gales. Dans ce cas, la personne concern\u00e9e ne peut s&#039;opposer au traitement de ses donn\u00e9es personnelles.<\/li><li>Dans notre int\u00e9r\u00eat l\u00e9gitime de prot\u00e9ger notre image, notre activit\u00e9 et notre r\u00e9putation en emp\u00eachant les attaques sur notre site web, la personne concern\u00e9e ne peut, dans ce cas, refuser le traitement de ses donn\u00e9es personnelles, mais peut, le cas \u00e9ch\u00e9ant, exercer les droits reconnus \u00e0 l&#039;article huit de la pr\u00e9sente politique.<\/li><\/ul><h4><strong>CLIENTS.<\/strong><\/h4><ul><li>Ex\u00e9cution d&#039;un contrat auquel vous \u00eates partie ou application de mesures pr\u00e9contractuelles. Le d\u00e9faut de communication de vos donn\u00e9es personnelles rendra impossible leur traitement aux fins susmentionn\u00e9es.<\/li><li>Dans le cadre de votre consentement, vous nous avez accord\u00e9 le traitement de vos donn\u00e9es \u00e0 des fins autres que l&#039;\u00e9laboration ou l&#039;ex\u00e9cution du contrat existant. Si vous ne nous fournissez pas vos donn\u00e9es personnelles, il sera impossible de les traiter aux fins susmentionn\u00e9es.<\/li><li>Pour respecter nos obligations l\u00e9gales. Dans ce cas, la personne concern\u00e9e ne peut s&#039;opposer au traitement de ses donn\u00e9es personnelles.<\/li><li>Dans notre int\u00e9r\u00eat l\u00e9gitime de prot\u00e9ger notre image, notre activit\u00e9 et notre histoire en pr\u00e9venant les attaques sur notre site Web, la personne concern\u00e9e ne peut pas s&#039;opposer au traitement des donn\u00e9es personnelles, bien qu&#039;elle puisse, le cas \u00e9ch\u00e9ant, exercer les droits reconnus \u00e0 la section huit de la pr\u00e9sente politique.<\/li><\/ul><h4><strong>4. D\u00c9LAIS OU CRIT\u00c8RES DE CONSERVATION DES DONN\u00c9ES.<\/strong><\/h4><p>Les donn\u00e9es personnelles fournies seront conserv\u00e9es pendant la dur\u00e9e n\u00e9cessaire \u00e0 la r\u00e9alisation des finalit\u00e9s pour lesquelles elles ont \u00e9t\u00e9 initialement collect\u00e9es. Une fois que les donn\u00e9es ne seront plus n\u00e9cessaires au traitement concern\u00e9, elles seront d\u00fbment bloqu\u00e9es et, le cas \u00e9ch\u00e9ant, mises \u00e0 la disposition des administrations et organismes publics comp\u00e9tents, des juges et tribunaux, ou du minist\u00e8re public, pendant la dur\u00e9e de prescription des actions pouvant d\u00e9couler de la relation avec le client et\/ou des d\u00e9lais de conservation pr\u00e9vus par la loi. Si vous nous avez fourni votre CV, nous conserverons vos donn\u00e9es pendant une dur\u00e9e maximale d&#039;un an \u00e0 compter de leur r\u00e9ception par l&#039;entit\u00e9, sauf autorisation de votre part. P\u00e9riode de blocage des donn\u00e9es\u00a0:<\/p><ul><li>CODE CIVIL. Entre 5 et 15 ans, selon le cas, conform\u00e9ment aux dispositions de l&#039;article 1964.2 du code civil pr\u00e9cit\u00e9.<\/li><li>CODE DE COMMERCE. Pendant 6 ans, conform\u00e9ment aux dispositions de l&#039;article 30 du code pr\u00e9cit\u00e9. Elle s&#039;applique aux informations commerciales relatives aux factures \u00e9mises et re\u00e7ues, re\u00e7us, factures rectificatives, documents bancaires, etc.<\/li><li>LOI FISCALE G\u00c9N\u00c9RALE. Pendant quatre ans, conform\u00e9ment aux dispositions des articles 66 \u00e0 70 du r\u00e9gime juridique susmentionn\u00e9. Ceci s&#039;applique aux informations relatives aux obligations fiscales.<\/li><\/ul><h4><strong>5. D\u00c9CISIONS AUTOMATIS\u00c9ES ET PROFILAGE.<\/strong><\/h4><p>Le site Web ne prend pas de d\u00e9cisions automatis\u00e9es et ne cr\u00e9e pas de profils.<\/p><h4><strong>6. B\u00c9N\u00c9FICIAIRES.<\/strong><\/h4><p>Pendant la p\u00e9riode pendant laquelle vos donn\u00e9es personnelles sont trait\u00e9es, l&#039;organisation peut transf\u00e9rer vos donn\u00e9es aux destinataires suivants :<\/p><ul><li>Juges et tribunaux.<\/li><li>Forces et corps de s\u00e9curit\u00e9 de l&#039;\u00c9tat.<\/li><li>D\u2019autres autorit\u00e9s comp\u00e9tentes ou organismes publics, lorsque le responsable du traitement a l\u2019obligation l\u00e9gale de fournir les donn\u00e9es \u00e0 caract\u00e8re personnel.<\/li><li>Banques et institutions financi\u00e8res, dans le cas o\u00f9 vous nous engagez.<\/li><\/ul><h4><strong>7. TRANSFERTS INTERNATIONAUX DE DONN\u00c9ES.<\/strong><\/h4><p>L&#039;organisation n&#039;effectue aucun transfert international de donn\u00e9es.<\/p><h4><strong>8. DROITS.<\/strong><\/h4><p>Les personnes int\u00e9ress\u00e9es peuvent exercer leurs droits d&#039;acc\u00e8s, de rectification et de suppression \u00e0 tout moment et gratuitement, ainsi que demander la limitation du traitement de leurs donn\u00e9es personnelles, s&#039;y opposer, demander leur portabilit\u00e9 (lorsque cela est techniquement possible) ou retirer leur consentement. Le cas \u00e9ch\u00e9ant, elles ne peuvent faire l&#039;objet d&#039;une d\u00e9cision fond\u00e9e uniquement sur un traitement automatis\u00e9, y compris le profilage.<\/p><p>Pour ce faire, vous pouvez utiliser les formulaires fournis par l&#039;organisation ou envoyer un courrier \u00e0 l&#039;adresse ou \u00e0 l&#039;adresse courriel indiqu\u00e9es ci-dessus. Dans tous les cas, votre demande doit \u00eatre accompagn\u00e9e d&#039;une photocopie de votre pi\u00e8ce d&#039;identit\u00e9 ou d&#039;un document \u00e9quivalent prouvant votre identit\u00e9.<\/p><p>Si vous estimez que vos droits concernant la protection de vos donn\u00e9es personnelles ont \u00e9t\u00e9 viol\u00e9s, notamment lorsque vous n&#039;avez pas obtenu satisfaction dans l&#039;exercice de vos droits, vous pouvez d\u00e9poser une plainte aupr\u00e8s de l&#039;Autorit\u00e9 de Contr\u00f4le de la Protection des Donn\u00e9es comp\u00e9tente (Agence Espagnole de Protection des Donn\u00e9es) via son site Internet : www.agpd.es.<\/p><p>Conform\u00e9ment aux dispositions de l&#039;article 21 de la loi 34\/2002 sur les services de la soci\u00e9t\u00e9 de l&#039;information et du commerce \u00e9lectronique, si vous ne souhaitez plus recevoir d&#039;informations sur nos services, vous pouvez vous d\u00e9sinscrire en envoyant un e-mail \u00e0 info@krouniforms.com avec pour objet \u00ab D\u00c9SABONNEMENT \u00bb.<\/p><h4><strong>9. EXACTITUDE DES DONN\u00c9ES.<\/strong><\/h4><p>La personne concern\u00e9e garantit que les informations fournies sont vraies, exactes, compl\u00e8tes et \u00e0 jour. Elle s&#039;engage \u00e0 signaler toute modification des informations fournies par les moyens pr\u00e9vus \u00e0 cet effet et indiqu\u00e9s au point 1 de la pr\u00e9sente politique. Elle sera responsable de tout dommage direct ou indirect pouvant r\u00e9sulter du non-respect de cette obligation.<\/p><p>Si l&#039;utilisateur fournit des donn\u00e9es sur des tiers, il d\u00e9clare avoir le consentement des int\u00e9ress\u00e9s et s&#039;engage \u00e0 leur fournir les informations contenues dans cette clause, exon\u00e9rant l&#039;organisation de toute responsabilit\u00e9 d\u00e9coulant du non-respect de cette obligation.<\/p><h4><strong>10. R\u00c9SEAUX SOCIAUX.<\/strong><\/h4><p>Les r\u00e9seaux sociaux font partie du quotidien de nombreux internautes, et l&#039;Entit\u00e9 a cr\u00e9\u00e9 pour eux diff\u00e9rents profils sur certains d&#039;entre eux.<br \/>Tous les utilisateurs qui visitent notre site Web ont la possibilit\u00e9 de rejoindre nos r\u00e9seaux sociaux ou groupes.<br \/>Veuillez toutefois noter qu&#039;\u00e0 moins que nous ne vous demandions directement vos donn\u00e9es (par exemple, par le biais d&#039;actions marketing, de concours, de promotions ou de tout autre moyen valable), vos donn\u00e9es appartiendront au r\u00e9seau social concern\u00e9. Par cons\u00e9quent, nous vous recommandons de lire attentivement leurs conditions d&#039;utilisation et leurs politiques de confidentialit\u00e9, et de configurer vos pr\u00e9f\u00e9rences en mati\u00e8re de traitement des donn\u00e9es.<\/p><h4><strong>11. MODIFICATIONS\/MISE \u00c0 JOUR.<\/strong><\/h4><p>Cette politique de confidentialit\u00e9 peut \u00eatre modifi\u00e9e ou mise \u00e0 jour en fonction des exigences l\u00e9gales \u00e9tablies ou afin de l&#039;adapter aux instructions \u00e9mises par l&#039;Agence espagnole de protection des donn\u00e9es ou aux modifications apport\u00e9es \u00e0 notre site Web.<br \/>Pour cette raison, nous conseillons aux utilisateurs de consulter p\u00e9riodiquement notre politique de confidentialit\u00e9.<br \/>Si vous avez des questions sur cette politique, vous pouvez contacter RETAIL&amp;KEY BUSINESS, SL \u00e0 l&#039;adresse e-mail suivante :\u00a0<a href=\"mailto:info@krouniforms.com\"><strong>info@krouniforms.com<\/strong><\/a><\/p>\t\t\t\t\t\t<\/div>\n\t\t\t\t<\/div>\n\t\t\t\t\t<\/div>\n\t\t<\/div>\n\t\t\t\t\t\t\t<\/div>\n\t\t<\/section>\n\t\t\t\t\t\t\t<\/div>","protected":false},"excerpt":{"rendered":"<p>El objetivo de esta pol\u00edtica es informar a los interesados acerca de los distintos tratamientos realizados por esta organizaci\u00f3n mediante la p\u00e1gina web y que afecten a sus datos personales de conformidad con lo establecido en la Ley Org\u00e1nica 3\/2018, de 5 de diciembre, de Protecci\u00f3n de Datos Personales y garant\u00eda de los derechos digitales [&hellip;]<\/p>","protected":false},"author":3,"featured_media":0,"parent":0,"menu_order":0,"comment_status":"closed","ping_status":"closed","template":"elementor_header_footer","meta":{"footnotes":""},"class_list":["post-3","page","type-page","status-publish","hentry"],"_links":{"self":[{"href":"https:\/\/krouniforms.com\/fr\/wp-json\/wp\/v2\/pages\/3","targetHints":{"allow":["GET"]}}],"collection":[{"href":"https:\/\/krouniforms.com\/fr\/wp-json\/wp\/v2\/pages"}],"about":[{"href":"https:\/\/krouniforms.com\/fr\/wp-json\/wp\/v2\/types\/page"}],"author":[{"embeddable":true,"href":"https:\/\/krouniforms.com\/fr\/wp-json\/wp\/v2\/users\/3"}],"replies":[{"embeddable":true,"href":"https:\/\/krouniforms.com\/fr\/wp-json\/wp\/v2\/comments?post=3"}],"version-history":[{"count":10,"href":"https:\/\/krouniforms.com\/fr\/wp-json\/wp\/v2\/pages\/3\/revisions"}],"predecessor-version":[{"id":2034,"href":"https:\/\/krouniforms.com\/fr\/wp-json\/wp\/v2\/pages\/3\/revisions\/2034"}],"wp:attachment":[{"href":"https:\/\/krouniforms.com\/fr\/wp-json\/wp\/v2\/media?parent=3"}],"curies":[{"name":"wp","href":"https:\/\/api.w.org\/{rel}","templated":true}]}}