{"id":42,"date":"2022-05-24T14:47:57","date_gmt":"2022-05-24T14:47:57","guid":{"rendered":"https:\/\/krouniforms.com\/?page_id=42"},"modified":"2024-02-22T13:10:27","modified_gmt":"2024-02-22T13:10:27","slug":"cookie-policies","status":"publish","type":"page","link":"https:\/\/krouniforms.com\/en\/cookie-policies\/","title":{"rendered":"Cookie policies"},"content":{"rendered":"<div data-elementor-type=\"wp-page\" data-elementor-id=\"42\" class=\"elementor elementor-42\" data-elementor-post-type=\"page\">\n\t\t\t\t\t\t\t\t\t<section class=\"elementor-section elementor-top-section elementor-element elementor-element-c71a75b elementor-section-boxed elementor-section-height-default elementor-section-height-default\" data-id=\"c71a75b\" data-element_type=\"section\">\n\t\t\t\t\t\t<div class=\"elementor-container elementor-column-gap-default\">\n\t\t\t\t\t<div class=\"elementor-column elementor-col-100 elementor-top-column elementor-element elementor-element-54e6fe6\" data-id=\"54e6fe6\" data-element_type=\"column\">\n\t\t\t<div class=\"elementor-widget-wrap elementor-element-populated\">\n\t\t\t\t\t\t\t\t<div class=\"elementor-element elementor-element-dc79ca2 elementor-widget elementor-widget-text-editor\" data-id=\"dc79ca2\" data-element_type=\"widget\" data-widget_type=\"text-editor.default\">\n\t\t\t\t<div class=\"elementor-widget-container\">\n\t\t\t<style>\/*! elementor - v3.17.0 - 08-11-2023 *\/\n.elementor-widget-text-editor.elementor-drop-cap-view-stacked .elementor-drop-cap{background-color:#69727d;color:#fff}.elementor-widget-text-editor.elementor-drop-cap-view-framed .elementor-drop-cap{color:#69727d;border:3px solid;background-color:transparent}.elementor-widget-text-editor:not(.elementor-drop-cap-view-default) .elementor-drop-cap{margin-top:8px}.elementor-widget-text-editor:not(.elementor-drop-cap-view-default) .elementor-drop-cap-letter{width:1em;height:1em}.elementor-widget-text-editor .elementor-drop-cap{float:left;text-align:center;line-height:1;font-size:50px}.elementor-widget-text-editor .elementor-drop-cap-letter{display:inline-block}<\/style>\t\t\t\t<p>A cookie is a small text file that is stored in your browser when you visit almost any website. Its purpose is to enable the website to remember your visit when you return to that page. Cookies typically store technical information, personal preferences, content customization, usage statistics, social media links, user account access, etc. The purpose of a cookie is to adapt the website&#039;s content to your profile and needs; without cookies, the services offered by any website would be significantly diminished. If you would like more information about what cookies are, what they store, how to delete or disable them, etc., please visit this link.<\/p><p>\u00a0<\/p><h4><strong>Cookies used on this website<\/strong><\/h4><p>Following the guidelines of the Spanish Data Protection Agency, we detail the use of cookies on this website in order to provide you with the most accurate information possible.<\/p><p>\u00a0<\/p><h4><strong>This website uses the following own cookies:<\/strong><\/h4><ul><li><strong>Session cookies<\/strong>, to ensure that users who write comments on the blog are human and not automated applications. This helps combat spam.<\/li><\/ul><p>\u00a0<\/p><h4><strong>This website uses the following third-party cookies:<\/strong><\/h4><ul><li><strong>Google Analytics:<\/strong>\u00a0Stores cookies to compile statistics on traffic and the volume of visits to this website. By using this website, you consent to the processing of data about you by Google. Therefore, to exercise any rights in this regard, you must contact Google directly.<\/li><li><strong>Social networks:<\/strong>\u00a0Each social network uses its own cookies so you can click on Like or Share buttons.<br \/>Disabling or deleting cookies<\/li><\/ul><p>You may exercise your right to disable or delete cookies from this website at any time. These actions are performed differently depending on the browser you are using. Here is a quick guide for the most popular browsers.<\/p><p>\u00a0<\/p><h4><strong>Additional notes<\/strong><\/h4><ul><li>Neither this website nor its legal representatives are responsible for the content or veracity of the privacy policies of third parties mentioned in this cookie policy.<\/li><li>Web browsers are the tools responsible for storing cookies, and you must exercise your right to delete or deactivate them from this location. Neither this website nor its legal representatives can guarantee the correct or incorrect handling of cookies by the aforementioned browsers.<\/li><li>In some cases, it is necessary to install cookies so that the browser does not forget your decision not to accept them.<\/li><li>In the case of Google Analytics cookies, this company stores cookies on servers located in the United States and undertakes not to share them with third parties, except where necessary for the operation of the system or when required by law. According to Google, it does not store your IP address. Google Inc. is a company that adheres to the Safe Harbor Agreement, which guarantees that all transferred data will be treated with a level of protection in accordance with European regulations.<\/li><\/ul><p>\u00a0<\/p><p>You can find detailed information on this subject at this link. If you&#039;d like information about Google&#039;s use of cookies, please visit this link.<\/p><ul><li>If you have any questions or concerns about this cookie policy, please do not hesitate to contact us through the contact section.<\/li><\/ul>\t\t\t\t\t\t<\/div>\n\t\t\t\t<\/div>\n\t\t\t\t\t<\/div>\n\t\t<\/div>\n\t\t\t\t\t\t\t<\/div>\n\t\t<\/section>\n\t\t\t\t\t\t\t<\/div>","protected":false},"excerpt":{"rendered":"<p>Una cookie es un peque\u00f1o fichero de texto que se almacena en su navegador cuando visita casi cualquier p\u00e1gina web. Su utilidad es que la web sea capaz de recordar su visita cuando vuelva a navegar por esa p\u00e1gina. Las cookies suelen almacenar informaci\u00f3n de car\u00e1cter t\u00e9cnico, preferencias personales, personalizaci\u00f3n de contenidos, estad\u00edsticas de uso, [&hellip;]<\/p>","protected":false},"author":3,"featured_media":0,"parent":0,"menu_order":0,"comment_status":"closed","ping_status":"closed","template":"elementor_header_footer","meta":{"footnotes":""},"class_list":["post-42","page","type-page","status-publish","hentry"],"_links":{"self":[{"href":"https:\/\/krouniforms.com\/en\/wp-json\/wp\/v2\/pages\/42","targetHints":{"allow":["GET"]}}],"collection":[{"href":"https:\/\/krouniforms.com\/en\/wp-json\/wp\/v2\/pages"}],"about":[{"href":"https:\/\/krouniforms.com\/en\/wp-json\/wp\/v2\/types\/page"}],"author":[{"embeddable":true,"href":"https:\/\/krouniforms.com\/en\/wp-json\/wp\/v2\/users\/3"}],"replies":[{"embeddable":true,"href":"https:\/\/krouniforms.com\/en\/wp-json\/wp\/v2\/comments?post=42"}],"version-history":[{"count":4,"href":"https:\/\/krouniforms.com\/en\/wp-json\/wp\/v2\/pages\/42\/revisions"}],"predecessor-version":[{"id":360,"href":"https:\/\/krouniforms.com\/en\/wp-json\/wp\/v2\/pages\/42\/revisions\/360"}],"wp:attachment":[{"href":"https:\/\/krouniforms.com\/en\/wp-json\/wp\/v2\/media?parent=42"}],"curies":[{"name":"wp","href":"https:\/\/api.w.org\/{rel}","templated":true}]}}